{"id":1935,"date":"2025-08-04T16:39:48","date_gmt":"2025-08-04T14:39:48","guid":{"rendered":"https:\/\/dev.dip-honestfood.com\/?page_id=1935"},"modified":"2025-08-07T16:27:37","modified_gmt":"2025-08-07T14:27:37","slug":"mentions-legales","status":"publish","type":"page","link":"https:\/\/dip-honestfood.com\/en\/mentions-legales\/","title":{"rendered":"Mentions l\u00e9gales"},"content":{"rendered":"<div data-elementor-type=\"wp-page\" data-elementor-id=\"1935\" class=\"elementor elementor-1935\" data-elementor-settings=\"{&quot;ha_cmc_init_switcher&quot;:&quot;no&quot;}\">\n\t\t\t\t<div class=\"elementor-element elementor-element-1ba4b06 e-flex e-con-boxed e-con e-parent\" data-id=\"1ba4b06\" data-element_type=\"container\" data-e-type=\"container\" data-settings=\"{&quot;_ha_eqh_enable&quot;:false}\">\n\t\t\t\t\t<div class=\"e-con-inner\">\n\t\t\t\t<div class=\"elementor-element elementor-element-c79d1ac elementor-widget elementor-widget-spacer\" data-id=\"c79d1ac\" data-element_type=\"widget\" data-e-type=\"widget\" data-widget_type=\"spacer.default\">\n\t\t\t\t<div class=\"elementor-widget-container\">\n\t\t\t\t\t\t\t<div class=\"elementor-spacer\">\n\t\t\t<div class=\"elementor-spacer-inner\"><\/div>\n\t\t<\/div>\n\t\t\t\t\t\t<\/div>\n\t\t\t\t<\/div>\n\t\t\t\t<div class=\"elementor-element elementor-element-5771511 elementor-widget__width-initial elementor-widget-mobile__width-initial elementor-widget elementor-widget-image\" data-id=\"5771511\" data-element_type=\"widget\" data-e-type=\"widget\" data-widget_type=\"image.default\">\n\t\t\t\t<div class=\"elementor-widget-container\">\n\t\t\t\t\t\t\t\t\t\t\t\t\t\t\t<img decoding=\"async\" width=\"52\" height=\"36\" src=\"https:\/\/dip-honestfood.com\/wp-content\/uploads\/2025\/04\/Fichier-87.svg\" class=\"attachment-full size-full wp-image-1503\" alt=\"\" \/>\t\t\t\t\t\t\t\t\t\t\t\t\t\t\t<\/div>\n\t\t\t\t<\/div>\n\t\t\t\t\t<\/div>\n\t\t\t\t<\/div>\n\t\t<div class=\"elementor-element elementor-element-3392b4b e-flex e-con-boxed e-con e-parent\" data-id=\"3392b4b\" data-element_type=\"container\" data-e-type=\"container\" data-settings=\"{&quot;_ha_eqh_enable&quot;:false}\">\n\t\t\t\t\t<div class=\"e-con-inner\">\n\t\t\t\t<div class=\"elementor-element elementor-element-5f3901a elementor-widget elementor-widget-spacer\" data-id=\"5f3901a\" data-element_type=\"widget\" data-e-type=\"widget\" data-widget_type=\"spacer.default\">\n\t\t\t\t<div class=\"elementor-widget-container\">\n\t\t\t\t\t\t\t<div class=\"elementor-spacer\">\n\t\t\t<div class=\"elementor-spacer-inner\"><\/div>\n\t\t<\/div>\n\t\t\t\t\t\t<\/div>\n\t\t\t\t<\/div>\n\t\t<div class=\"elementor-element elementor-element-bb921b2 e-con-full e-flex e-con e-child\" data-id=\"bb921b2\" data-element_type=\"container\" data-e-type=\"container\" data-settings=\"{&quot;_ha_eqh_enable&quot;:false}\">\n\t\t\t\t<div class=\"elementor-element elementor-element-a778f7a elementor-widget elementor-widget-heading\" data-id=\"a778f7a\" data-element_type=\"widget\" data-e-type=\"widget\" data-widget_type=\"heading.default\">\n\t\t\t\t<div class=\"elementor-widget-container\">\n\t\t\t\t\t<h2 class=\"elementor-heading-title elementor-size-default\">MENTIONS L\u00c9GALES <\/h2>\t\t\t\t<\/div>\n\t\t\t\t<\/div>\n\t\t\t\t<div class=\"elementor-element elementor-element-6f46ff8 elementor-widget elementor-widget-spacer\" data-id=\"6f46ff8\" data-element_type=\"widget\" data-e-type=\"widget\" data-widget_type=\"spacer.default\">\n\t\t\t\t<div class=\"elementor-widget-container\">\n\t\t\t\t\t\t\t<div class=\"elementor-spacer\">\n\t\t\t<div class=\"elementor-spacer-inner\"><\/div>\n\t\t<\/div>\n\t\t\t\t\t\t<\/div>\n\t\t\t\t<\/div>\n\t\t\t\t<div class=\"elementor-element elementor-element-1d4826a elementor-widget__width-initial elementor-widget-mobile__width-initial elementor-widget elementor-widget-image-box\" data-id=\"1d4826a\" data-element_type=\"widget\" data-e-type=\"widget\" data-widget_type=\"image-box.default\">\n\t\t\t\t<div class=\"elementor-widget-container\">\n\t\t\t\t\t<div class=\"elementor-image-box-wrapper\"><div class=\"elementor-image-box-content\"><h3 class=\"elementor-image-box-title\">1. \u00c9diteur du site<\/h3><p class=\"elementor-image-box-description\"><strong data-start=\"246\" data-end=\"260\">DIP ANNECY<\/strong> \u2013 nom commercial <strong data-start=\"278\" data-end=\"297\">Dip Honest Food<\/strong><br>\nSAS au capital de <strong data-start=\"318\" data-end=\"329\">1\u202f000\u202f\u20ac<\/strong><br>\nSIREN : <strong data-start=\"340\" data-end=\"355\">977\u202f852\u202f888<\/strong> \u2013 RCS Annecy<br>\nTVA intracommunautaire : <strong data-start=\"396\" data-end=\"413\">FR92977852888<\/strong><br>\nSi\u00e8ge social : <strong data-start=\"431\" data-end=\"462\">11 rue Royale, 74000 Annecy<\/strong><\/p><\/div><\/div>\t\t\t\t<\/div>\n\t\t\t\t<\/div>\n\t\t\t\t<div class=\"elementor-element elementor-element-8bfcb2a elementor-widget elementor-widget-spacer\" data-id=\"8bfcb2a\" data-element_type=\"widget\" data-e-type=\"widget\" data-widget_type=\"spacer.default\">\n\t\t\t\t<div class=\"elementor-widget-container\">\n\t\t\t\t\t\t\t<div class=\"elementor-spacer\">\n\t\t\t<div class=\"elementor-spacer-inner\"><\/div>\n\t\t<\/div>\n\t\t\t\t\t\t<\/div>\n\t\t\t\t<\/div>\n\t\t\t\t<div class=\"elementor-element elementor-element-8e49567 elementor-widget__width-initial elementor-widget elementor-widget-image-box\" data-id=\"8e49567\" data-element_type=\"widget\" data-e-type=\"widget\" data-widget_type=\"image-box.default\">\n\t\t\t\t<div class=\"elementor-widget-container\">\n\t\t\t\t\t<div class=\"elementor-image-box-wrapper\"><div class=\"elementor-image-box-content\"><h3 class=\"elementor-image-box-title\">2. Directeur de la publication<\/h3><p class=\"elementor-image-box-description\">CEQ CAPITAL<\/p><\/div><\/div>\t\t\t\t<\/div>\n\t\t\t\t<\/div>\n\t\t\t\t<div class=\"elementor-element elementor-element-7c407c8 elementor-widget elementor-widget-spacer\" data-id=\"7c407c8\" data-element_type=\"widget\" data-e-type=\"widget\" data-widget_type=\"spacer.default\">\n\t\t\t\t<div class=\"elementor-widget-container\">\n\t\t\t\t\t\t\t<div class=\"elementor-spacer\">\n\t\t\t<div class=\"elementor-spacer-inner\"><\/div>\n\t\t<\/div>\n\t\t\t\t\t\t<\/div>\n\t\t\t\t<\/div>\n\t\t\t\t<div class=\"elementor-element elementor-element-3ace37c elementor-widget__width-initial elementor-widget elementor-widget-image-box\" data-id=\"3ace37c\" data-element_type=\"widget\" data-e-type=\"widget\" data-widget_type=\"image-box.default\">\n\t\t\t\t<div class=\"elementor-widget-container\">\n\t\t\t\t\t<div class=\"elementor-image-box-wrapper\"><div class=\"elementor-image-box-content\"><h3 class=\"elementor-image-box-title\">3. H\u00e9bergement<\/h3><p class=\"elementor-image-box-description\">H\u00e9bergeur : Infomaniak Network SA<br>\nRue Eug\u00e8ne-Marziano 25, 1227 Gen\u00e8ve \u2013 Suisse<br>\nhttps:\/\/www.infomaniak.com<br>\nT\u00e9l. : +41 22 820 35 44<\/p><\/div><\/div>\t\t\t\t<\/div>\n\t\t\t\t<\/div>\n\t\t\t\t<div class=\"elementor-element elementor-element-ce94b4b elementor-widget elementor-widget-spacer\" data-id=\"ce94b4b\" data-element_type=\"widget\" data-e-type=\"widget\" data-widget_type=\"spacer.default\">\n\t\t\t\t<div class=\"elementor-widget-container\">\n\t\t\t\t\t\t\t<div class=\"elementor-spacer\">\n\t\t\t<div class=\"elementor-spacer-inner\"><\/div>\n\t\t<\/div>\n\t\t\t\t\t\t<\/div>\n\t\t\t\t<\/div>\n\t\t\t\t<div class=\"elementor-element elementor-element-48fee84 elementor-widget__width-initial elementor-widget elementor-widget-image-box\" data-id=\"48fee84\" data-element_type=\"widget\" data-e-type=\"widget\" data-widget_type=\"image-box.default\">\n\t\t\t\t<div class=\"elementor-widget-container\">\n\t\t\t\t\t<div class=\"elementor-image-box-wrapper\"><div class=\"elementor-image-box-content\"><h3 class=\"elementor-image-box-title\">4. Objet du site<\/h3><p class=\"elementor-image-box-description\">Ce site pr\u00e9sente le restaurant Dip Honest Food Annecy, ses services (Lunch, Brunch, Dinner, Cocktails),<br>sa carte, ainsi qu\u2019un syst\u00e8me de r\u00e9servation en ligne.<\/p><\/div><\/div>\t\t\t\t<\/div>\n\t\t\t\t<\/div>\n\t\t\t\t<div class=\"elementor-element elementor-element-2f97e09 elementor-widget elementor-widget-spacer\" data-id=\"2f97e09\" data-element_type=\"widget\" data-e-type=\"widget\" data-widget_type=\"spacer.default\">\n\t\t\t\t<div class=\"elementor-widget-container\">\n\t\t\t\t\t\t\t<div class=\"elementor-spacer\">\n\t\t\t<div class=\"elementor-spacer-inner\"><\/div>\n\t\t<\/div>\n\t\t\t\t\t\t<\/div>\n\t\t\t\t<\/div>\n\t\t\t\t<div class=\"elementor-element elementor-element-41dc172 elementor-widget__width-initial elementor-widget elementor-widget-image-box\" data-id=\"41dc172\" data-element_type=\"widget\" data-e-type=\"widget\" data-widget_type=\"image-box.default\">\n\t\t\t\t<div class=\"elementor-widget-container\">\n\t\t\t\t\t<div class=\"elementor-image-box-wrapper\"><div class=\"elementor-image-box-content\"><h3 class=\"elementor-image-box-title\">5. Contact<\/h3><p class=\"elementor-image-box-description\">Adresse postale : 9 rue de la Gare, 74000 Annecy<br>\nT\u00e9l\u00e9phone : 04\u202f50\u202f32\u202f99\u202f06<br>\nEmail : annecy@dip-honestfood.com<br>\nSite : https:\/\/dip-honestfood.com<\/p><\/div><\/div>\t\t\t\t<\/div>\n\t\t\t\t<\/div>\n\t\t\t\t<div class=\"elementor-element elementor-element-dc107e7 elementor-widget elementor-widget-spacer\" data-id=\"dc107e7\" data-element_type=\"widget\" data-e-type=\"widget\" data-widget_type=\"spacer.default\">\n\t\t\t\t<div class=\"elementor-widget-container\">\n\t\t\t\t\t\t\t<div class=\"elementor-spacer\">\n\t\t\t<div class=\"elementor-spacer-inner\"><\/div>\n\t\t<\/div>\n\t\t\t\t\t\t<\/div>\n\t\t\t\t<\/div>\n\t\t\t\t<div class=\"elementor-element elementor-element-dffbb44 elementor-widget__width-initial elementor-widget elementor-widget-image-box\" data-id=\"dffbb44\" data-element_type=\"widget\" data-e-type=\"widget\" data-widget_type=\"image-box.default\">\n\t\t\t\t<div class=\"elementor-widget-container\">\n\t\t\t\t\t<div class=\"elementor-image-box-wrapper\"><div class=\"elementor-image-box-content\"><h3 class=\"elementor-image-box-title\">6. Donn\u00e9es personnelles<\/h3><p class=\"elementor-image-box-description\">Les donn\u00e9es collect\u00e9es via le formulaire de contact ou la r\u00e9servation sont utilis\u00e9es<br> uniquement pour r\u00e9pondre aux demandes ou g\u00e9rer les r\u00e9servations.<br>\nElles sont conserv\u00e9es 3 ans maximum et ne sont jamais revendues.<\/p><\/div><\/div>\t\t\t\t<\/div>\n\t\t\t\t<\/div>\n\t\t\t\t<div class=\"elementor-element elementor-element-0784dfd elementor-widget elementor-widget-spacer\" data-id=\"0784dfd\" data-element_type=\"widget\" data-e-type=\"widget\" data-widget_type=\"spacer.default\">\n\t\t\t\t<div class=\"elementor-widget-container\">\n\t\t\t\t\t\t\t<div class=\"elementor-spacer\">\n\t\t\t<div class=\"elementor-spacer-inner\"><\/div>\n\t\t<\/div>\n\t\t\t\t\t\t<\/div>\n\t\t\t\t<\/div>\n\t\t\t\t<div class=\"elementor-element elementor-element-0359f9e elementor-widget__width-initial elementor-widget elementor-widget-image-box\" data-id=\"0359f9e\" data-element_type=\"widget\" data-e-type=\"widget\" data-widget_type=\"image-box.default\">\n\t\t\t\t<div class=\"elementor-widget-container\">\n\t\t\t\t\t<div class=\"elementor-image-box-wrapper\"><div class=\"elementor-image-box-content\"><h3 class=\"elementor-image-box-title\">7. Cookies &amp; services tiers<\/h3><p class=\"elementor-image-box-description\">Le site utilise Google Analytics et peut int\u00e9grer des contenus externes (YouTube, Instagram, Google Maps...).\nLes cookies sont g\u00e9r\u00e9s via une banni\u00e8re de consentement conforme au RGPD.\nVous pouvez modifier vos pr\u00e9f\u00e9rences \u00e0 tout moment.<\/p><\/div><\/div>\t\t\t\t<\/div>\n\t\t\t\t<\/div>\n\t\t\t\t<div class=\"elementor-element elementor-element-4f77538 elementor-widget elementor-widget-spacer\" data-id=\"4f77538\" data-element_type=\"widget\" data-e-type=\"widget\" data-widget_type=\"spacer.default\">\n\t\t\t\t<div class=\"elementor-widget-container\">\n\t\t\t\t\t\t\t<div class=\"elementor-spacer\">\n\t\t\t<div class=\"elementor-spacer-inner\"><\/div>\n\t\t<\/div>\n\t\t\t\t\t\t<\/div>\n\t\t\t\t<\/div>\n\t\t\t\t<div class=\"elementor-element elementor-element-13d1132 elementor-widget__width-initial elementor-widget elementor-widget-image-box\" data-id=\"13d1132\" data-element_type=\"widget\" data-e-type=\"widget\" data-widget_type=\"image-box.default\">\n\t\t\t\t<div class=\"elementor-widget-container\">\n\t\t\t\t\t<div class=\"elementor-image-box-wrapper\"><div class=\"elementor-image-box-content\"><h3 class=\"elementor-image-box-title\">8. Propri\u00e9t\u00e9 intellectuelle<\/h3><p class=\"elementor-image-box-description\">Tous les contenus pr\u00e9sents sur ce site (textes, images, logos) sont la propri\u00e9t\u00e9 exclusive de DIP ANNECY ou de leurs ayants droit.<br>\nToute reproduction, m\u00eame partielle, est interdite sans autorisation.<\/p><\/div><\/div>\t\t\t\t<\/div>\n\t\t\t\t<\/div>\n\t\t\t\t<div class=\"elementor-element elementor-element-83383fe elementor-widget elementor-widget-spacer\" data-id=\"83383fe\" data-element_type=\"widget\" data-e-type=\"widget\" data-widget_type=\"spacer.default\">\n\t\t\t\t<div class=\"elementor-widget-container\">\n\t\t\t\t\t\t\t<div class=\"elementor-spacer\">\n\t\t\t<div class=\"elementor-spacer-inner\"><\/div>\n\t\t<\/div>\n\t\t\t\t\t\t<\/div>\n\t\t\t\t<\/div>\n\t\t\t\t<div class=\"elementor-element elementor-element-06e6d7e elementor-widget__width-initial elementor-widget elementor-widget-image-box\" data-id=\"06e6d7e\" data-element_type=\"widget\" data-e-type=\"widget\" data-widget_type=\"image-box.default\">\n\t\t\t\t<div class=\"elementor-widget-container\">\n\t\t\t\t\t<div class=\"elementor-image-box-wrapper\"><div class=\"elementor-image-box-content\"><h3 class=\"elementor-image-box-title\">9. Responsabilit\u00e9<\/h3><p class=\"elementor-image-box-description\">Nous faisons tout notre possible pour garantir des informations fiables et \u00e0 jour. <br>Toutefois, des erreurs peuvent se glisser : prix, horaires, menus...<br>\nMerci de nous contacter en cas de doute.<\/p><\/div><\/div>\t\t\t\t<\/div>\n\t\t\t\t<\/div>\n\t\t\t\t<div class=\"elementor-element elementor-element-1a971e9 elementor-widget elementor-widget-spacer\" data-id=\"1a971e9\" data-element_type=\"widget\" data-e-type=\"widget\" data-widget_type=\"spacer.default\">\n\t\t\t\t<div class=\"elementor-widget-container\">\n\t\t\t\t\t\t\t<div class=\"elementor-spacer\">\n\t\t\t<div class=\"elementor-spacer-inner\"><\/div>\n\t\t<\/div>\n\t\t\t\t\t\t<\/div>\n\t\t\t\t<\/div>\n\t\t\t\t<div class=\"elementor-element elementor-element-ec7546a elementor-widget__width-initial elementor-widget elementor-widget-image-box\" data-id=\"ec7546a\" data-element_type=\"widget\" data-e-type=\"widget\" data-widget_type=\"image-box.default\">\n\t\t\t\t<div class=\"elementor-widget-container\">\n\t\t\t\t\t<div class=\"elementor-image-box-wrapper\"><div class=\"elementor-image-box-content\"><h3 class=\"elementor-image-box-title\">10. Vos droits RGPD<\/h3><p class=\"elementor-image-box-description\">Pour toute question relative \u00e0 vos donn\u00e9es personnelles (acc\u00e8s, modification, suppression), <br>\u00e9crivez-nous \u00e0 :\nannecy@dip-honestfood.com<\/p><\/div><\/div>\t\t\t\t<\/div>\n\t\t\t\t<\/div>\n\t\t\t\t<\/div>\n\t\t\t\t\t<\/div>\n\t\t\t\t<\/div>\n\t\t<div class=\"elementor-element elementor-element-7b12e05 e-flex e-con-boxed e-con e-parent\" data-id=\"7b12e05\" data-element_type=\"container\" data-e-type=\"container\" data-settings=\"{&quot;_ha_eqh_enable&quot;:false}\">\n\t\t\t\t\t<div class=\"e-con-inner\">\n\t\t\t\t<div class=\"elementor-element elementor-element-c0e72e5 elementor-widget elementor-widget-spacer\" data-id=\"c0e72e5\" data-element_type=\"widget\" data-e-type=\"widget\" data-widget_type=\"spacer.default\">\n\t\t\t\t<div class=\"elementor-widget-container\">\n\t\t\t\t\t\t\t<div class=\"elementor-spacer\">\n\t\t\t<div class=\"elementor-spacer-inner\"><\/div>\n\t\t<\/div>\n\t\t\t\t\t\t<\/div>\n\t\t\t\t<\/div>\n\t\t\t\t\t<\/div>\n\t\t\t\t<\/div>\n\t\t<div class=\"elementor-element elementor-element-61fde8f e-flex e-con-boxed e-con e-parent\" data-id=\"61fde8f\" data-element_type=\"container\" data-e-type=\"container\" data-settings=\"{&quot;_ha_eqh_enable&quot;:false}\">\n\t\t\t\t\t<div class=\"e-con-inner\">\n\t\t\t\t\t<\/div>\n\t\t\t\t<\/div>\n\t\t\t\t<\/div>","protected":false},"excerpt":{"rendered":"<p>MENTIONS L\u00c9GALES 1. \u00c9diteur du site DIP ANNECY \u2013 nom commercial Dip Honest Food SAS au capital de 1\u202f000\u202f\u20ac SIREN : 977\u202f852\u202f888 \u2013 RCS Annecy TVA intracommunautaire : FR92977852888 Si\u00e8ge social : 11 rue Royale, 74000 Annecy 2. Directeur de la publication CEQ CAPITAL 3. H\u00e9bergement H\u00e9bergeur : Infomaniak Network SA Rue Eug\u00e8ne-Marziano 25, 1227 [&hellip;]<\/p>\n","protected":false},"author":1,"featured_media":0,"parent":0,"menu_order":0,"comment_status":"closed","ping_status":"closed","template":"","meta":{"footnotes":""},"class_list":["post-1935","page","type-page","status-publish","hentry"],"blocksy_meta":[],"jetpack_sharing_enabled":true,"_links":{"self":[{"href":"https:\/\/dip-honestfood.com\/en\/wp-json\/wp\/v2\/pages\/1935","targetHints":{"allow":["GET"]}}],"collection":[{"href":"https:\/\/dip-honestfood.com\/en\/wp-json\/wp\/v2\/pages"}],"about":[{"href":"https:\/\/dip-honestfood.com\/en\/wp-json\/wp\/v2\/types\/page"}],"author":[{"embeddable":true,"href":"https:\/\/dip-honestfood.com\/en\/wp-json\/wp\/v2\/users\/1"}],"replies":[{"embeddable":true,"href":"https:\/\/dip-honestfood.com\/en\/wp-json\/wp\/v2\/comments?post=1935"}],"version-history":[{"count":7,"href":"https:\/\/dip-honestfood.com\/en\/wp-json\/wp\/v2\/pages\/1935\/revisions"}],"predecessor-version":[{"id":1976,"href":"https:\/\/dip-honestfood.com\/en\/wp-json\/wp\/v2\/pages\/1935\/revisions\/1976"}],"wp:attachment":[{"href":"https:\/\/dip-honestfood.com\/en\/wp-json\/wp\/v2\/media?parent=1935"}],"curies":[{"name":"wp","href":"https:\/\/api.w.org\/{rel}","templated":true}]}}