{"id":1962,"date":"2025-08-07T16:11:43","date_gmt":"2025-08-07T14:11:43","guid":{"rendered":"https:\/\/dev.dip-honestfood.com\/?page_id=1962"},"modified":"2025-08-08T11:31:06","modified_gmt":"2025-08-08T09:31:06","slug":"conditions-generales-de-vente-cgv","status":"publish","type":"page","link":"https:\/\/dip-honestfood.com\/en\/conditions-generales-de-vente-cgv\/","title":{"rendered":"Conditions G\u00e9n\u00e9rales de Vente (CGV)"},"content":{"rendered":"<div data-elementor-type=\"wp-page\" data-elementor-id=\"1962\" class=\"elementor elementor-1962\" data-elementor-settings=\"{&quot;ha_cmc_init_switcher&quot;:&quot;no&quot;}\">\n\t\t\t\t<div class=\"elementor-element elementor-element-3d77f6c e-flex e-con-boxed e-con e-parent\" data-id=\"3d77f6c\" data-element_type=\"container\" data-e-type=\"container\" data-settings=\"{&quot;_ha_eqh_enable&quot;:false}\">\n\t\t\t\t\t<div class=\"e-con-inner\">\n\t\t<div class=\"elementor-element elementor-element-87e5b5b e-con-full e-flex e-con e-child\" data-id=\"87e5b5b\" data-element_type=\"container\" data-e-type=\"container\" data-settings=\"{&quot;_ha_eqh_enable&quot;:false}\">\n\t\t\t\t<div class=\"elementor-element elementor-element-ecd4344 elementor-widget elementor-widget-spacer\" data-id=\"ecd4344\" data-element_type=\"widget\" data-e-type=\"widget\" data-widget_type=\"spacer.default\">\n\t\t\t\t<div class=\"elementor-widget-container\">\n\t\t\t\t\t\t\t<div class=\"elementor-spacer\">\n\t\t\t<div class=\"elementor-spacer-inner\"><\/div>\n\t\t<\/div>\n\t\t\t\t\t\t<\/div>\n\t\t\t\t<\/div>\n\t\t\t\t<div class=\"elementor-element elementor-element-41883e5 elementor-widget__width-initial elementor-widget-mobile__width-initial elementor-widget elementor-widget-image\" data-id=\"41883e5\" data-element_type=\"widget\" data-e-type=\"widget\" data-widget_type=\"image.default\">\n\t\t\t\t<div class=\"elementor-widget-container\">\n\t\t\t\t\t\t\t\t\t\t\t\t\t\t\t<img decoding=\"async\" width=\"52\" height=\"36\" src=\"https:\/\/dip-honestfood.com\/wp-content\/uploads\/2025\/04\/Fichier-87.svg\" class=\"attachment-full size-full wp-image-1503\" alt=\"\" \/>\t\t\t\t\t\t\t\t\t\t\t\t\t\t\t<\/div>\n\t\t\t\t<\/div>\n\t\t\t\t<\/div>\n\t\t\t\t\t<\/div>\n\t\t\t\t<\/div>\n\t\t<div class=\"elementor-element elementor-element-8c885a4 e-flex e-con-boxed e-con e-parent\" data-id=\"8c885a4\" data-element_type=\"container\" data-e-type=\"container\" data-settings=\"{&quot;_ha_eqh_enable&quot;:false}\">\n\t\t\t\t\t<div class=\"e-con-inner\">\n\t\t<div class=\"elementor-element elementor-element-7508300 e-con-full e-flex e-con e-child\" data-id=\"7508300\" data-element_type=\"container\" data-e-type=\"container\" data-settings=\"{&quot;_ha_eqh_enable&quot;:false}\">\n\t\t\t\t<div class=\"elementor-element elementor-element-7b0dbbe elementor-widget elementor-widget-spacer\" data-id=\"7b0dbbe\" data-element_type=\"widget\" data-e-type=\"widget\" data-widget_type=\"spacer.default\">\n\t\t\t\t<div class=\"elementor-widget-container\">\n\t\t\t\t\t\t\t<div class=\"elementor-spacer\">\n\t\t\t<div class=\"elementor-spacer-inner\"><\/div>\n\t\t<\/div>\n\t\t\t\t\t\t<\/div>\n\t\t\t\t<\/div>\n\t\t<div class=\"elementor-element elementor-element-0e9e9a0 e-con-full e-flex e-con e-child\" data-id=\"0e9e9a0\" data-element_type=\"container\" data-e-type=\"container\" data-settings=\"{&quot;_ha_eqh_enable&quot;:false}\">\n\t\t\t\t<div class=\"elementor-element elementor-element-53def24 elementor-widget elementor-widget-heading\" data-id=\"53def24\" data-element_type=\"widget\" data-e-type=\"widget\" data-widget_type=\"heading.default\">\n\t\t\t\t<div class=\"elementor-widget-container\">\n\t\t\t\t\t<h2 class=\"elementor-heading-title elementor-size-default\">CONDITION G\u00c9N\u00c9RALES DE VENTE (CGV)<\/h2>\t\t\t\t<\/div>\n\t\t\t\t<\/div>\n\t\t\t\t<div class=\"elementor-element elementor-element-e6a4d97 elementor-widget elementor-widget-spacer\" data-id=\"e6a4d97\" data-element_type=\"widget\" data-e-type=\"widget\" data-widget_type=\"spacer.default\">\n\t\t\t\t<div class=\"elementor-widget-container\">\n\t\t\t\t\t\t\t<div class=\"elementor-spacer\">\n\t\t\t<div class=\"elementor-spacer-inner\"><\/div>\n\t\t<\/div>\n\t\t\t\t\t\t<\/div>\n\t\t\t\t<\/div>\n\t\t\t\t<div class=\"elementor-element elementor-element-2cd8953 elementor-widget elementor-widget-text-editor\" data-id=\"2cd8953\" data-element_type=\"widget\" data-e-type=\"widget\" data-widget_type=\"text-editor.default\">\n\t\t\t\t<div class=\"elementor-widget-container\">\n\t\t\t\t\t\t\t\t\t<p data-start=\"267\" data-end=\"305\"><strong data-start=\"267\" data-end=\"305\">Derni\u00e8re mise \u00e0 jour : 7 ao\u00fbt 2025<\/strong><\/p><p data-start=\"307\" data-end=\"556\">Les pr\u00e9sentes Conditions G\u00e9n\u00e9rales de Vente r\u00e9gissent les ventes r\u00e9alis\u00e9es sur le site internet <a class=\"\" href=\"https:\/\/dip-honestfood.com\/en\/\" target=\"_new\" rel=\"noopener\" data-start=\"403\" data-end=\"429\">https:\/\/dip-honestfood.com<\/a> \u00e9dit\u00e9 par la soci\u00e9t\u00e9 DIP ANNECY. En passant commande sur le site, l\u2019utilisateur accepte sans r\u00e9serve les pr\u00e9sentes conditions.<\/p>\t\t\t\t\t\t\t\t<\/div>\n\t\t\t\t<\/div>\n\t\t\t\t<div class=\"elementor-element elementor-element-ee0ad21 elementor-widget elementor-widget-spacer\" data-id=\"ee0ad21\" data-element_type=\"widget\" data-e-type=\"widget\" data-widget_type=\"spacer.default\">\n\t\t\t\t<div class=\"elementor-widget-container\">\n\t\t\t\t\t\t\t<div class=\"elementor-spacer\">\n\t\t\t<div class=\"elementor-spacer-inner\"><\/div>\n\t\t<\/div>\n\t\t\t\t\t\t<\/div>\n\t\t\t\t<\/div>\n\t\t\t\t<div class=\"elementor-element elementor-element-7775b38 elementor-widget__width-initial elementor-widget-mobile__width-initial elementor-widget elementor-widget-image-box\" data-id=\"7775b38\" data-element_type=\"widget\" data-e-type=\"widget\" data-widget_type=\"image-box.default\">\n\t\t\t\t<div class=\"elementor-widget-container\">\n\t\t\t\t\t<div class=\"elementor-image-box-wrapper\"><div class=\"elementor-image-box-content\"><h3 class=\"elementor-image-box-title\">1. Informations l\u00e9gales<\/h3><p class=\"elementor-image-box-description\"><p><strong>\u00c9diteur :<\/strong> DIP ANNECY \u2013 Dip Honest Food<br>\n<strong>Forme juridique :<\/strong> SAS au capital de 1 000 \u20ac<br>\n<strong>SIREN :<\/strong> 977 852 888 \u2013 RCS Annecy<br>\n<strong>TVA intracommunautaire :<\/strong> FR92977852888<br>\n<strong>Si\u00e8ge social :<\/strong> 11 rue Royale, 74000 Annecy<br>\n<strong>Contact :<\/strong> annecy@dip-honestfood.com \u2013 04 50 32 99 06<\/p><\/p><\/div><\/div>\t\t\t\t<\/div>\n\t\t\t\t<\/div>\n\t\t\t\t<div class=\"elementor-element elementor-element-a331486 elementor-widget elementor-widget-spacer\" data-id=\"a331486\" data-element_type=\"widget\" data-e-type=\"widget\" data-widget_type=\"spacer.default\">\n\t\t\t\t<div class=\"elementor-widget-container\">\n\t\t\t\t\t\t\t<div class=\"elementor-spacer\">\n\t\t\t<div class=\"elementor-spacer-inner\"><\/div>\n\t\t<\/div>\n\t\t\t\t\t\t<\/div>\n\t\t\t\t<\/div>\n\t\t\t\t<div class=\"elementor-element elementor-element-e088ea6 elementor-widget__width-initial elementor-widget elementor-widget-image-box\" data-id=\"e088ea6\" data-element_type=\"widget\" data-e-type=\"widget\" data-widget_type=\"image-box.default\">\n\t\t\t\t<div class=\"elementor-widget-container\">\n\t\t\t\t\t<div class=\"elementor-image-box-wrapper\"><div class=\"elementor-image-box-content\"><h3 class=\"elementor-image-box-title\">2. Champ d'application<\/h3><p class=\"elementor-image-box-description\"><p>Les pr\u00e9sentes CGV s\u2019appliquent \u00e0 l\u2019ensemble des ventes en ligne de produits propos\u00e9es par DIP ANNECY, notamment :<\/p>\n<ul>\n  <li>Plats \u00e0 emporter<\/li>\n  <li>Produits de type \u00e9picerie (matcha, caf\u00e9, chocolat, etc.)<\/li>\n  <li>Bons cadeaux<\/li>\n<\/ul>\n<p>Les r\u00e9servations de table via le site sont gratuites et ne constituent pas une vente.<\/p><\/p><\/div><\/div>\t\t\t\t<\/div>\n\t\t\t\t<\/div>\n\t\t\t\t<div class=\"elementor-element elementor-element-f6ccf56 elementor-widget elementor-widget-spacer\" data-id=\"f6ccf56\" data-element_type=\"widget\" data-e-type=\"widget\" data-widget_type=\"spacer.default\">\n\t\t\t\t<div class=\"elementor-widget-container\">\n\t\t\t\t\t\t\t<div class=\"elementor-spacer\">\n\t\t\t<div class=\"elementor-spacer-inner\"><\/div>\n\t\t<\/div>\n\t\t\t\t\t\t<\/div>\n\t\t\t\t<\/div>\n\t\t\t\t<div class=\"elementor-element elementor-element-57a3008 elementor-widget__width-initial elementor-widget elementor-widget-image-box\" data-id=\"57a3008\" data-element_type=\"widget\" data-e-type=\"widget\" data-widget_type=\"image-box.default\">\n\t\t\t\t<div class=\"elementor-widget-container\">\n\t\t\t\t\t<div class=\"elementor-image-box-wrapper\"><div class=\"elementor-image-box-content\"><h3 class=\"elementor-image-box-title\">3. Commande<\/h3><p class=\"elementor-image-box-description\"><p>Toute commande effectu\u00e9e sur le site implique l\u2019acceptation des pr\u00e9sentes CGV. La commande est valid\u00e9e apr\u00e8s confirmation du paiement. Une fois confirm\u00e9e, la commande ne peut \u00eatre modifi\u00e9e ni annul\u00e9e, sauf accord express du vendeur.<\/p><\/p><\/div><\/div>\t\t\t\t<\/div>\n\t\t\t\t<\/div>\n\t\t\t\t<div class=\"elementor-element elementor-element-61a2358 elementor-widget elementor-widget-spacer\" data-id=\"61a2358\" data-element_type=\"widget\" data-e-type=\"widget\" data-widget_type=\"spacer.default\">\n\t\t\t\t<div class=\"elementor-widget-container\">\n\t\t\t\t\t\t\t<div class=\"elementor-spacer\">\n\t\t\t<div class=\"elementor-spacer-inner\"><\/div>\n\t\t<\/div>\n\t\t\t\t\t\t<\/div>\n\t\t\t\t<\/div>\n\t\t\t\t<div class=\"elementor-element elementor-element-1cdcaa5 elementor-widget__width-initial elementor-widget elementor-widget-image-box\" data-id=\"1cdcaa5\" data-element_type=\"widget\" data-e-type=\"widget\" data-widget_type=\"image-box.default\">\n\t\t\t\t<div class=\"elementor-widget-container\">\n\t\t\t\t\t<div class=\"elementor-image-box-wrapper\"><div class=\"elementor-image-box-content\"><h3 class=\"elementor-image-box-title\">4. Prix et modalit\u00e9s de paiement<\/h3><p class=\"elementor-image-box-description\"><p>Les prix sont indiqu\u00e9s en euros toutes taxes comprises (TTC). Le r\u00e8glement s\u2019effectue en ligne par :<\/p>\n<ul>\n  <li>Carte bancaire<\/li>\n  <li>PayPal<\/li>\n<\/ul>\n<p>Le paiement est exigible imm\u00e9diatement \u00e0 la commande.<\/p><\/p><\/div><\/div>\t\t\t\t<\/div>\n\t\t\t\t<\/div>\n\t\t\t\t<div class=\"elementor-element elementor-element-a43a7bb elementor-widget elementor-widget-spacer\" data-id=\"a43a7bb\" data-element_type=\"widget\" data-e-type=\"widget\" data-widget_type=\"spacer.default\">\n\t\t\t\t<div class=\"elementor-widget-container\">\n\t\t\t\t\t\t\t<div class=\"elementor-spacer\">\n\t\t\t<div class=\"elementor-spacer-inner\"><\/div>\n\t\t<\/div>\n\t\t\t\t\t\t<\/div>\n\t\t\t\t<\/div>\n\t\t\t\t<div class=\"elementor-element elementor-element-3ac3330 elementor-widget__width-initial elementor-widget elementor-widget-image-box\" data-id=\"3ac3330\" data-element_type=\"widget\" data-e-type=\"widget\" data-widget_type=\"image-box.default\">\n\t\t\t\t<div class=\"elementor-widget-container\">\n\t\t\t\t\t<div class=\"elementor-image-box-wrapper\"><div class=\"elementor-image-box-content\"><h3 class=\"elementor-image-box-title\">5. Livraison<\/h3><p class=\"elementor-image-box-description\"><p>Les produits de type \u00e9picerie ou bons cadeaux peuvent \u00eatre livr\u00e9s en France m\u00e9tropolitaine via Colissimo.<\/p>\n<p><strong>D\u00e9lais de livraison :<\/strong> 3 \u00e0 7 jours ouvr\u00e9s.<br>\n<strong>Frais de livraison :<\/strong> pr\u00e9cis\u00e9s lors de la commande.<\/p>\n<p>Les plats \u00e0 emporter sont \u00e0 retirer directement au restaurant :<br>\n<strong>Adresse :<\/strong> 11 rue Royale, 74000 Annecy<br>\n<strong>Heure :<\/strong> choisie lors de la commande.<\/p><\/p><\/div><\/div>\t\t\t\t<\/div>\n\t\t\t\t<\/div>\n\t\t\t\t<div class=\"elementor-element elementor-element-e10674f elementor-widget elementor-widget-spacer\" data-id=\"e10674f\" data-element_type=\"widget\" data-e-type=\"widget\" data-widget_type=\"spacer.default\">\n\t\t\t\t<div class=\"elementor-widget-container\">\n\t\t\t\t\t\t\t<div class=\"elementor-spacer\">\n\t\t\t<div class=\"elementor-spacer-inner\"><\/div>\n\t\t<\/div>\n\t\t\t\t\t\t<\/div>\n\t\t\t\t<\/div>\n\t\t\t\t<div class=\"elementor-element elementor-element-69b7e16 elementor-widget__width-initial elementor-widget elementor-widget-image-box\" data-id=\"69b7e16\" data-element_type=\"widget\" data-e-type=\"widget\" data-widget_type=\"image-box.default\">\n\t\t\t\t<div class=\"elementor-widget-container\">\n\t\t\t\t\t<div class=\"elementor-image-box-wrapper\"><div class=\"elementor-image-box-content\"><h3 class=\"elementor-image-box-title\">6. Droit de r\u00e9tractation<\/h3><p class=\"elementor-image-box-description\"><p>Conform\u00e9ment \u00e0 la l\u00e9gislation en vigueur, le droit de r\u00e9tractation ne s\u2019applique pas aux produits p\u00e9rissables ou personnalis\u00e9s (ex. : plats pr\u00e9par\u00e9s).<\/p>\n<p>Pour les autres produits (\u00e9picerie, bons cadeaux non utilis\u00e9s), l\u2019acheteur dispose d\u2019un d\u00e9lai de 14 jours \u00e0 compter de la r\u00e9ception pour exercer son droit de r\u00e9tractation. Les produits doivent \u00eatre retourn\u00e9s \u00e0 l\u2019\u00e9tat neuf, aux frais du client.<\/p><\/p><\/div><\/div>\t\t\t\t<\/div>\n\t\t\t\t<\/div>\n\t\t\t\t<div class=\"elementor-element elementor-element-7eb9e3e elementor-widget elementor-widget-spacer\" data-id=\"7eb9e3e\" data-element_type=\"widget\" data-e-type=\"widget\" data-widget_type=\"spacer.default\">\n\t\t\t\t<div class=\"elementor-widget-container\">\n\t\t\t\t\t\t\t<div class=\"elementor-spacer\">\n\t\t\t<div class=\"elementor-spacer-inner\"><\/div>\n\t\t<\/div>\n\t\t\t\t\t\t<\/div>\n\t\t\t\t<\/div>\n\t\t\t\t<div class=\"elementor-element elementor-element-1205880 elementor-widget__width-initial elementor-widget elementor-widget-image-box\" data-id=\"1205880\" data-element_type=\"widget\" data-e-type=\"widget\" data-widget_type=\"image-box.default\">\n\t\t\t\t<div class=\"elementor-widget-container\">\n\t\t\t\t\t<div class=\"elementor-image-box-wrapper\"><div class=\"elementor-image-box-content\"><h3 class=\"elementor-image-box-title\">7. Remboursement<\/h3><p class=\"elementor-image-box-description\"><p>Les produits retourn\u00e9s dans le cadre du droit de r\u00e9tractation seront rembours\u00e9s dans un d\u00e9lai maximum de 14 jours \u00e0 compter de leur r\u00e9ception.<\/p>\n<p>Aucun remboursement ne sera effectu\u00e9 pour les plats \u00e0 emporter une fois la commande valid\u00e9e, sauf erreur de traitement.<\/p>\n<\/p><\/div><\/div>\t\t\t\t<\/div>\n\t\t\t\t<\/div>\n\t\t\t\t<div class=\"elementor-element elementor-element-2ad4b6f elementor-widget elementor-widget-spacer\" data-id=\"2ad4b6f\" data-element_type=\"widget\" data-e-type=\"widget\" data-widget_type=\"spacer.default\">\n\t\t\t\t<div class=\"elementor-widget-container\">\n\t\t\t\t\t\t\t<div class=\"elementor-spacer\">\n\t\t\t<div class=\"elementor-spacer-inner\"><\/div>\n\t\t<\/div>\n\t\t\t\t\t\t<\/div>\n\t\t\t\t<\/div>\n\t\t\t\t<div class=\"elementor-element elementor-element-28fbaff elementor-widget__width-initial elementor-widget elementor-widget-image-box\" data-id=\"28fbaff\" data-element_type=\"widget\" data-e-type=\"widget\" data-widget_type=\"image-box.default\">\n\t\t\t\t<div class=\"elementor-widget-container\">\n\t\t\t\t\t<div class=\"elementor-image-box-wrapper\"><div class=\"elementor-image-box-content\"><h3 class=\"elementor-image-box-title\">8. R\u00e9servations<\/h3><p class=\"elementor-image-box-description\"><p>Les r\u00e9servations de table via le site sont gratuites. Le restaurant se r\u00e9serve le droit d\u2019annuler une r\u00e9servation en cas de non-pr\u00e9sentation apr\u00e8s un d\u00e9lai de 15 minutes.<\/p>\n<\/p><\/div><\/div>\t\t\t\t<\/div>\n\t\t\t\t<\/div>\n\t\t\t\t<div class=\"elementor-element elementor-element-95db1d2 elementor-widget elementor-widget-spacer\" data-id=\"95db1d2\" data-element_type=\"widget\" data-e-type=\"widget\" data-widget_type=\"spacer.default\">\n\t\t\t\t<div class=\"elementor-widget-container\">\n\t\t\t\t\t\t\t<div class=\"elementor-spacer\">\n\t\t\t<div class=\"elementor-spacer-inner\"><\/div>\n\t\t<\/div>\n\t\t\t\t\t\t<\/div>\n\t\t\t\t<\/div>\n\t\t\t\t<div class=\"elementor-element elementor-element-71ca5f9 elementor-widget__width-initial elementor-widget elementor-widget-image-box\" data-id=\"71ca5f9\" data-element_type=\"widget\" data-e-type=\"widget\" data-widget_type=\"image-box.default\">\n\t\t\t\t<div class=\"elementor-widget-container\">\n\t\t\t\t\t<div class=\"elementor-image-box-wrapper\"><div class=\"elementor-image-box-content\"><h3 class=\"elementor-image-box-title\">9. Propri\u00e9t\u00e9 intellectuelle<\/h3><p class=\"elementor-image-box-description\"><p>Tous les contenus pr\u00e9sents sur le site (textes, images, logos, \u00e9l\u00e9ments graphiques) sont la propri\u00e9t\u00e9 exclusive de DIP ANNECY. Toute reproduction, m\u00eame partielle, est strictement interdite sans autorisation \u00e9crite.<\/p>\n<\/p><\/div><\/div>\t\t\t\t<\/div>\n\t\t\t\t<\/div>\n\t\t\t\t<div class=\"elementor-element elementor-element-7650252 elementor-widget elementor-widget-spacer\" data-id=\"7650252\" data-element_type=\"widget\" data-e-type=\"widget\" data-widget_type=\"spacer.default\">\n\t\t\t\t<div class=\"elementor-widget-container\">\n\t\t\t\t\t\t\t<div class=\"elementor-spacer\">\n\t\t\t<div class=\"elementor-spacer-inner\"><\/div>\n\t\t<\/div>\n\t\t\t\t\t\t<\/div>\n\t\t\t\t<\/div>\n\t\t\t\t<div class=\"elementor-element elementor-element-67f200c elementor-widget__width-initial elementor-widget elementor-widget-image-box\" data-id=\"67f200c\" data-element_type=\"widget\" data-e-type=\"widget\" data-widget_type=\"image-box.default\">\n\t\t\t\t<div class=\"elementor-widget-container\">\n\t\t\t\t\t<div class=\"elementor-image-box-wrapper\"><div class=\"elementor-image-box-content\"><h3 class=\"elementor-image-box-title\">10. Donn\u00e9es personnelles<\/h3><p class=\"elementor-image-box-description\"><p>Les donn\u00e9es collect\u00e9es via le site sont utilis\u00e9es exclusivement pour le traitement des commandes ou la gestion des r\u00e9servations. Elles ne sont ni revendues, ni utilis\u00e9es \u00e0 d\u2019autres fins commerciales. Elles sont conserv\u00e9es pour une dur\u00e9e maximale de 3 ans.<\/p>\n<p>Conform\u00e9ment au RGPD, vous disposez d\u2019un droit d\u2019acc\u00e8s, de rectification et de suppression de vos donn\u00e9es \u00e0 tout moment en \u00e9crivant \u00e0 : <a href=\"mailto:annecy@dip-honestfood.com\">annecy@dip-honestfood.com<\/a><\/p>\n<\/p><\/div><\/div>\t\t\t\t<\/div>\n\t\t\t\t<\/div>\n\t\t\t\t<div class=\"elementor-element elementor-element-0a94fee elementor-widget elementor-widget-spacer\" data-id=\"0a94fee\" data-element_type=\"widget\" data-e-type=\"widget\" data-widget_type=\"spacer.default\">\n\t\t\t\t<div class=\"elementor-widget-container\">\n\t\t\t\t\t\t\t<div class=\"elementor-spacer\">\n\t\t\t<div class=\"elementor-spacer-inner\"><\/div>\n\t\t<\/div>\n\t\t\t\t\t\t<\/div>\n\t\t\t\t<\/div>\n\t\t\t\t<div class=\"elementor-element elementor-element-18f1f9a elementor-widget__width-initial elementor-widget elementor-widget-image-box\" data-id=\"18f1f9a\" data-element_type=\"widget\" data-e-type=\"widget\" data-widget_type=\"image-box.default\">\n\t\t\t\t<div class=\"elementor-widget-container\">\n\t\t\t\t\t<div class=\"elementor-image-box-wrapper\"><div class=\"elementor-image-box-content\"><h3 class=\"elementor-image-box-title\">11. Responsabilit\u00e9<\/h3><p class=\"elementor-image-box-description\"><p>DIP ANNECY d\u00e9cline toute responsabilit\u00e9 en cas d\u2019erreur involontaire dans les informations fournies sur le site (prix, disponibilit\u00e9, visuels\u2026), de mauvaise utilisation du service, ou d\u2019interruption temporaire du site.<\/p>\n<\/p><\/div><\/div>\t\t\t\t<\/div>\n\t\t\t\t<\/div>\n\t\t\t\t<div class=\"elementor-element elementor-element-78cf2fa elementor-widget elementor-widget-spacer\" data-id=\"78cf2fa\" data-element_type=\"widget\" data-e-type=\"widget\" data-widget_type=\"spacer.default\">\n\t\t\t\t<div class=\"elementor-widget-container\">\n\t\t\t\t\t\t\t<div class=\"elementor-spacer\">\n\t\t\t<div class=\"elementor-spacer-inner\"><\/div>\n\t\t<\/div>\n\t\t\t\t\t\t<\/div>\n\t\t\t\t<\/div>\n\t\t\t\t<div class=\"elementor-element elementor-element-20cffc4 elementor-widget__width-initial elementor-widget elementor-widget-image-box\" data-id=\"20cffc4\" data-element_type=\"widget\" data-e-type=\"widget\" data-widget_type=\"image-box.default\">\n\t\t\t\t<div class=\"elementor-widget-container\">\n\t\t\t\t\t<div class=\"elementor-image-box-wrapper\"><div class=\"elementor-image-box-content\"><h3 class=\"elementor-image-box-title\">12. Droit applicable<\/h3><p class=\"elementor-image-box-description\"><p>Les pr\u00e9sentes CGV sont soumises au droit fran\u00e7ais. En cas de litige, une solution amiable sera recherch\u00e9e.\n<p> \u00c0 d\u00e9faut, les tribunaux comp\u00e9tents seront ceux d\u2019Annecy.<\/p>\n<\/p><\/div><\/div>\t\t\t\t<\/div>\n\t\t\t\t<\/div>\n\t\t\t\t<\/div>\n\t\t\t\t<\/div>\n\t\t\t\t\t<\/div>\n\t\t\t\t<\/div>\n\t\t<div class=\"elementor-element elementor-element-659e7ab e-flex e-con-boxed e-con e-parent\" data-id=\"659e7ab\" data-element_type=\"container\" data-e-type=\"container\" data-settings=\"{&quot;_ha_eqh_enable&quot;:false}\">\n\t\t\t\t\t<div class=\"e-con-inner\">\n\t\t\t\t<div class=\"elementor-element elementor-element-6f57f7f elementor-widget elementor-widget-spacer\" data-id=\"6f57f7f\" data-element_type=\"widget\" data-e-type=\"widget\" data-widget_type=\"spacer.default\">\n\t\t\t\t<div class=\"elementor-widget-container\">\n\t\t\t\t\t\t\t<div class=\"elementor-spacer\">\n\t\t\t<div class=\"elementor-spacer-inner\"><\/div>\n\t\t<\/div>\n\t\t\t\t\t\t<\/div>\n\t\t\t\t<\/div>\n\t\t\t\t\t<\/div>\n\t\t\t\t<\/div>\n\t\t\t\t<\/div>","protected":false},"excerpt":{"rendered":"<p>CONDITION G\u00c9N\u00c9RALES DE VENTE (CGV) Derni\u00e8re mise \u00e0 jour : 7 ao\u00fbt 2025 Les pr\u00e9sentes Conditions G\u00e9n\u00e9rales de Vente r\u00e9gissent les ventes r\u00e9alis\u00e9es sur le site internet https:\/\/dip-honestfood.com \u00e9dit\u00e9 par la soci\u00e9t\u00e9 DIP ANNECY. En passant commande sur le site, l\u2019utilisateur accepte sans r\u00e9serve les pr\u00e9sentes conditions. 1. Informations l\u00e9gales \u00c9diteur : DIP ANNECY \u2013 [&hellip;]<\/p>\n","protected":false},"author":1,"featured_media":0,"parent":0,"menu_order":0,"comment_status":"closed","ping_status":"closed","template":"","meta":{"footnotes":""},"class_list":["post-1962","page","type-page","status-publish","hentry"],"blocksy_meta":[],"jetpack_sharing_enabled":true,"_links":{"self":[{"href":"https:\/\/dip-honestfood.com\/en\/wp-json\/wp\/v2\/pages\/1962","targetHints":{"allow":["GET"]}}],"collection":[{"href":"https:\/\/dip-honestfood.com\/en\/wp-json\/wp\/v2\/pages"}],"about":[{"href":"https:\/\/dip-honestfood.com\/en\/wp-json\/wp\/v2\/types\/page"}],"author":[{"embeddable":true,"href":"https:\/\/dip-honestfood.com\/en\/wp-json\/wp\/v2\/users\/1"}],"replies":[{"embeddable":true,"href":"https:\/\/dip-honestfood.com\/en\/wp-json\/wp\/v2\/comments?post=1962"}],"version-history":[{"count":4,"href":"https:\/\/dip-honestfood.com\/en\/wp-json\/wp\/v2\/pages\/1962\/revisions"}],"predecessor-version":[{"id":1978,"href":"https:\/\/dip-honestfood.com\/en\/wp-json\/wp\/v2\/pages\/1962\/revisions\/1978"}],"wp:attachment":[{"href":"https:\/\/dip-honestfood.com\/en\/wp-json\/wp\/v2\/media?parent=1962"}],"curies":[{"name":"wp","href":"https:\/\/api.w.org\/{rel}","templated":true}]}}