{"id":1970,"date":"2025-08-07T16:17:40","date_gmt":"2025-08-07T14:17:40","guid":{"rendered":"https:\/\/dev.dip-honestfood.com\/?page_id=1970"},"modified":"2025-08-08T11:31:46","modified_gmt":"2025-08-08T09:31:46","slug":"conditions-generales-dutilisation","status":"publish","type":"page","link":"https:\/\/dip-honestfood.com\/en\/conditions-generales-dutilisation\/","title":{"rendered":"Conditions G\u00e9n\u00e9rales d\u2019Utilisation (CGU)"},"content":{"rendered":"<div data-elementor-type=\"wp-page\" data-elementor-id=\"1970\" class=\"elementor elementor-1970\" data-elementor-settings=\"{&quot;ha_cmc_init_switcher&quot;:&quot;no&quot;}\">\n\t\t\t\t<div class=\"elementor-element elementor-element-5fa171d e-flex e-con-boxed e-con e-parent\" data-id=\"5fa171d\" data-element_type=\"container\" data-e-type=\"container\" data-settings=\"{&quot;_ha_eqh_enable&quot;:false}\">\n\t\t\t\t\t<div class=\"e-con-inner\">\n\t\t<div class=\"elementor-element elementor-element-eec8280 e-con-full e-flex e-con e-child\" data-id=\"eec8280\" data-element_type=\"container\" data-e-type=\"container\" data-settings=\"{&quot;_ha_eqh_enable&quot;:false}\">\n\t\t\t\t<div class=\"elementor-element elementor-element-433cdd7 elementor-widget elementor-widget-spacer\" data-id=\"433cdd7\" data-element_type=\"widget\" data-e-type=\"widget\" data-widget_type=\"spacer.default\">\n\t\t\t\t<div class=\"elementor-widget-container\">\n\t\t\t\t\t\t\t<div class=\"elementor-spacer\">\n\t\t\t<div class=\"elementor-spacer-inner\"><\/div>\n\t\t<\/div>\n\t\t\t\t\t\t<\/div>\n\t\t\t\t<\/div>\n\t\t\t\t<div class=\"elementor-element elementor-element-21c9f71 elementor-widget__width-initial elementor-widget-mobile__width-initial elementor-widget elementor-widget-image\" data-id=\"21c9f71\" data-element_type=\"widget\" data-e-type=\"widget\" data-widget_type=\"image.default\">\n\t\t\t\t<div class=\"elementor-widget-container\">\n\t\t\t\t\t\t\t\t\t\t\t\t\t\t\t<img decoding=\"async\" width=\"52\" height=\"36\" src=\"https:\/\/dip-honestfood.com\/wp-content\/uploads\/2025\/04\/Fichier-87.svg\" class=\"attachment-full size-full wp-image-1503\" alt=\"\" \/>\t\t\t\t\t\t\t\t\t\t\t\t\t\t\t<\/div>\n\t\t\t\t<\/div>\n\t\t\t\t<\/div>\n\t\t\t\t\t<\/div>\n\t\t\t\t<\/div>\n\t\t<div class=\"elementor-element elementor-element-a78c3b8 e-flex e-con-boxed e-con e-parent\" data-id=\"a78c3b8\" data-element_type=\"container\" data-e-type=\"container\" data-settings=\"{&quot;_ha_eqh_enable&quot;:false}\">\n\t\t\t\t\t<div class=\"e-con-inner\">\n\t\t<div class=\"elementor-element elementor-element-21bb649 e-con-full e-flex e-con e-child\" data-id=\"21bb649\" data-element_type=\"container\" data-e-type=\"container\" data-settings=\"{&quot;_ha_eqh_enable&quot;:false}\">\n\t\t<div class=\"elementor-element elementor-element-c2ada05 e-con-full e-flex e-con e-child\" data-id=\"c2ada05\" data-element_type=\"container\" data-e-type=\"container\" data-settings=\"{&quot;_ha_eqh_enable&quot;:false}\">\n\t\t\t\t<div class=\"elementor-element elementor-element-16dfc5e elementor-widget elementor-widget-spacer\" data-id=\"16dfc5e\" data-element_type=\"widget\" data-e-type=\"widget\" data-widget_type=\"spacer.default\">\n\t\t\t\t<div class=\"elementor-widget-container\">\n\t\t\t\t\t\t\t<div class=\"elementor-spacer\">\n\t\t\t<div class=\"elementor-spacer-inner\"><\/div>\n\t\t<\/div>\n\t\t\t\t\t\t<\/div>\n\t\t\t\t<\/div>\n\t\t<div class=\"elementor-element elementor-element-673d8d6 e-con-full e-flex e-con e-child\" data-id=\"673d8d6\" data-element_type=\"container\" data-e-type=\"container\" data-settings=\"{&quot;_ha_eqh_enable&quot;:false}\">\n\t\t\t\t<div class=\"elementor-element elementor-element-14592ac elementor-widget elementor-widget-heading\" data-id=\"14592ac\" data-element_type=\"widget\" data-e-type=\"widget\" data-widget_type=\"heading.default\">\n\t\t\t\t<div class=\"elementor-widget-container\">\n\t\t\t\t\t<h2 class=\"elementor-heading-title elementor-size-default\">CONDITION G\u00c9N\u00c9RALES D'UTILISATION (CGU)<\/h2>\t\t\t\t<\/div>\n\t\t\t\t<\/div>\n\t\t\t\t<div class=\"elementor-element elementor-element-a0ba65a elementor-widget elementor-widget-spacer\" data-id=\"a0ba65a\" data-element_type=\"widget\" data-e-type=\"widget\" data-widget_type=\"spacer.default\">\n\t\t\t\t<div class=\"elementor-widget-container\">\n\t\t\t\t\t\t\t<div class=\"elementor-spacer\">\n\t\t\t<div class=\"elementor-spacer-inner\"><\/div>\n\t\t<\/div>\n\t\t\t\t\t\t<\/div>\n\t\t\t\t<\/div>\n\t\t\t\t<div class=\"elementor-element elementor-element-5007f5c elementor-widget elementor-widget-text-editor\" data-id=\"5007f5c\" data-element_type=\"widget\" data-e-type=\"widget\" data-widget_type=\"text-editor.default\">\n\t\t\t\t<div class=\"elementor-widget-container\">\n\t\t\t\t\t\t\t\t\t<p data-start=\"267\" data-end=\"305\">Les pr\u00e9sentes Conditions G\u00e9n\u00e9rales d\u2019Utilisation (CGU) d\u00e9finissent les modalit\u00e9s d\u2019acc\u00e8s et d\u2019utilisation du site internet <a class=\"\" href=\"https:\/\/dip-honestfood.com\/en\/\" target=\"_new\" rel=\"noopener\" data-start=\"402\" data-end=\"428\">https:\/\/dip-honestfood.com<\/a> (ci-apr\u00e8s le \u00ab\u00a0Site\u00a0\u00bb), \u00e9dit\u00e9 par la soci\u00e9t\u00e9 DIP ANNECY. En acc\u00e9dant au Site, tout utilisateur accepte pleinement et enti\u00e8rement les pr\u00e9sentes conditions.<\/p>\t\t\t\t\t\t\t\t<\/div>\n\t\t\t\t<\/div>\n\t\t\t\t<div class=\"elementor-element elementor-element-8e8f44f elementor-widget elementor-widget-spacer\" data-id=\"8e8f44f\" data-element_type=\"widget\" data-e-type=\"widget\" data-widget_type=\"spacer.default\">\n\t\t\t\t<div class=\"elementor-widget-container\">\n\t\t\t\t\t\t\t<div class=\"elementor-spacer\">\n\t\t\t<div class=\"elementor-spacer-inner\"><\/div>\n\t\t<\/div>\n\t\t\t\t\t\t<\/div>\n\t\t\t\t<\/div>\n\t\t\t\t<div class=\"elementor-element elementor-element-e653ae7 elementor-widget__width-initial elementor-widget-mobile__width-initial elementor-widget elementor-widget-image-box\" data-id=\"e653ae7\" data-element_type=\"widget\" data-e-type=\"widget\" data-widget_type=\"image-box.default\">\n\t\t\t\t<div class=\"elementor-widget-container\">\n\t\t\t\t\t<div class=\"elementor-image-box-wrapper\"><div class=\"elementor-image-box-content\"><h3 class=\"elementor-image-box-title\">1. \u00c9diteur du site<\/h3><p class=\"elementor-image-box-description\"><p>\n  <strong>Raison sociale :<\/strong> DIP ANNECY \u2013 Dip Honest Food<br>\n  <strong>Forme juridique :<\/strong> SAS au capital de 1 000 \u20ac<br>\n  <strong>SIREN :<\/strong> 977 852 888 \u2013 RCS Annecy<br>\n  <strong>TVA intracommunautaire :<\/strong> FR92977852888<br>\n  <strong>Si\u00e8ge social :<\/strong> 11 rue Royale, 74000 Annecy<br>\n  <strong>Contact :<\/strong> <a href=\"mailto:annecy@dip-honestfood.com\">annecy@dip-honestfood.com<\/a> \u2013 04 50 32 99 06\n<\/p><\/p><\/div><\/div>\t\t\t\t<\/div>\n\t\t\t\t<\/div>\n\t\t\t\t<div class=\"elementor-element elementor-element-da4d416 elementor-widget elementor-widget-spacer\" data-id=\"da4d416\" data-element_type=\"widget\" data-e-type=\"widget\" data-widget_type=\"spacer.default\">\n\t\t\t\t<div class=\"elementor-widget-container\">\n\t\t\t\t\t\t\t<div class=\"elementor-spacer\">\n\t\t\t<div class=\"elementor-spacer-inner\"><\/div>\n\t\t<\/div>\n\t\t\t\t\t\t<\/div>\n\t\t\t\t<\/div>\n\t\t\t\t<div class=\"elementor-element elementor-element-dd5e3dc elementor-widget__width-initial elementor-widget elementor-widget-image-box\" data-id=\"dd5e3dc\" data-element_type=\"widget\" data-e-type=\"widget\" data-widget_type=\"image-box.default\">\n\t\t\t\t<div class=\"elementor-widget-container\">\n\t\t\t\t\t<div class=\"elementor-image-box-wrapper\"><div class=\"elementor-image-box-content\"><h3 class=\"elementor-image-box-title\">2. H\u00e9bergement<\/h3><p class=\"elementor-image-box-description\"><p>\n  Le Site est h\u00e9berg\u00e9 par :<br>\n  <strong>Infomaniak Network SA<\/strong><br>\n  Rue Eug\u00e8ne-Marziano 25, 1227 Gen\u00e8ve \u2013 Suisse<br>\n  <a href=\"https:\/\/www.infomaniak.com\" target=\"_blank\" rel=\"nofollow noopener\">https:\/\/www.infomaniak.com<\/a> \u2013 +41 22 820 35 44\n<\/p><\/p><\/div><\/div>\t\t\t\t<\/div>\n\t\t\t\t<\/div>\n\t\t\t\t<div class=\"elementor-element elementor-element-d6b0eda elementor-widget elementor-widget-spacer\" data-id=\"d6b0eda\" data-element_type=\"widget\" data-e-type=\"widget\" data-widget_type=\"spacer.default\">\n\t\t\t\t<div class=\"elementor-widget-container\">\n\t\t\t\t\t\t\t<div class=\"elementor-spacer\">\n\t\t\t<div class=\"elementor-spacer-inner\"><\/div>\n\t\t<\/div>\n\t\t\t\t\t\t<\/div>\n\t\t\t\t<\/div>\n\t\t\t\t<div class=\"elementor-element elementor-element-4aa97e8 elementor-widget__width-initial elementor-widget elementor-widget-image-box\" data-id=\"4aa97e8\" data-element_type=\"widget\" data-e-type=\"widget\" data-widget_type=\"image-box.default\">\n\t\t\t\t<div class=\"elementor-widget-container\">\n\t\t\t\t\t<div class=\"elementor-image-box-wrapper\"><div class=\"elementor-image-box-content\"><h3 class=\"elementor-image-box-title\">3. Acc\u00e8s au site<\/h3><p class=\"elementor-image-box-description\"><p>Le Site est accessible gratuitement \u00e0 tout utilisateur disposant d\u2019un acc\u00e8s \u00e0 internet. L\u2019acc\u00e8s au Site peut \u00eatre temporairement interrompu pour des raisons de maintenance, de mise \u00e0 jour ou en cas de force majeure. DIP ANNECY ne pourra \u00eatre tenu responsable de toute indisponibilit\u00e9 du service.<\/p>\n<\/p><\/div><\/div>\t\t\t\t<\/div>\n\t\t\t\t<\/div>\n\t\t\t\t<div class=\"elementor-element elementor-element-d7a0449 elementor-widget elementor-widget-spacer\" data-id=\"d7a0449\" data-element_type=\"widget\" data-e-type=\"widget\" data-widget_type=\"spacer.default\">\n\t\t\t\t<div class=\"elementor-widget-container\">\n\t\t\t\t\t\t\t<div class=\"elementor-spacer\">\n\t\t\t<div class=\"elementor-spacer-inner\"><\/div>\n\t\t<\/div>\n\t\t\t\t\t\t<\/div>\n\t\t\t\t<\/div>\n\t\t\t\t<div class=\"elementor-element elementor-element-5755e79 elementor-widget__width-initial elementor-widget elementor-widget-image-box\" data-id=\"5755e79\" data-element_type=\"widget\" data-e-type=\"widget\" data-widget_type=\"image-box.default\">\n\t\t\t\t<div class=\"elementor-widget-container\">\n\t\t\t\t\t<div class=\"elementor-image-box-wrapper\"><div class=\"elementor-image-box-content\"><h3 class=\"elementor-image-box-title\">4. Contenu du site<\/h3><p class=\"elementor-image-box-description\"><p>Le Site pr\u00e9sente le restaurant Dip Honest Food Annecy, ses services (Lunch, Brunch, Dinner, Cocktails), sa carte, un syst\u00e8me de r\u00e9servation en ligne, ainsi que des produits propos\u00e9s \u00e0 la vente. Les informations sont fournies \u00e0 titre indicatif et peuvent \u00eatre modifi\u00e9es sans pr\u00e9avis.<\/p>\n<\/p><\/div><\/div>\t\t\t\t<\/div>\n\t\t\t\t<\/div>\n\t\t\t\t<div class=\"elementor-element elementor-element-9e660e3 elementor-widget elementor-widget-spacer\" data-id=\"9e660e3\" data-element_type=\"widget\" data-e-type=\"widget\" data-widget_type=\"spacer.default\">\n\t\t\t\t<div class=\"elementor-widget-container\">\n\t\t\t\t\t\t\t<div class=\"elementor-spacer\">\n\t\t\t<div class=\"elementor-spacer-inner\"><\/div>\n\t\t<\/div>\n\t\t\t\t\t\t<\/div>\n\t\t\t\t<\/div>\n\t\t\t\t<div class=\"elementor-element elementor-element-69d0b74 elementor-widget__width-initial elementor-widget elementor-widget-image-box\" data-id=\"69d0b74\" data-element_type=\"widget\" data-e-type=\"widget\" data-widget_type=\"image-box.default\">\n\t\t\t\t<div class=\"elementor-widget-container\">\n\t\t\t\t\t<div class=\"elementor-image-box-wrapper\"><div class=\"elementor-image-box-content\"><h3 class=\"elementor-image-box-title\">5. Propri\u00e9t\u00e9 intellectuelle<\/h3><p class=\"elementor-image-box-description\"><p>Tous les \u00e9l\u00e9ments pr\u00e9sents sur le Site (textes, images, logos, photos, vid\u00e9os, \u00e9l\u00e9ments graphiques) sont la propri\u00e9t\u00e9 exclusive de DIP ANNECY ou de ses partenaires. Toute reproduction, diffusion ou utilisation sans autorisation \u00e9crite pr\u00e9alable est strictement interdite.<\/p>\n<\/p><\/div><\/div>\t\t\t\t<\/div>\n\t\t\t\t<\/div>\n\t\t\t\t<div class=\"elementor-element elementor-element-e02c2c2 elementor-widget elementor-widget-spacer\" data-id=\"e02c2c2\" data-element_type=\"widget\" data-e-type=\"widget\" data-widget_type=\"spacer.default\">\n\t\t\t\t<div class=\"elementor-widget-container\">\n\t\t\t\t\t\t\t<div class=\"elementor-spacer\">\n\t\t\t<div class=\"elementor-spacer-inner\"><\/div>\n\t\t<\/div>\n\t\t\t\t\t\t<\/div>\n\t\t\t\t<\/div>\n\t\t\t\t<div class=\"elementor-element elementor-element-efc9a4c elementor-widget__width-initial elementor-widget elementor-widget-image-box\" data-id=\"efc9a4c\" data-element_type=\"widget\" data-e-type=\"widget\" data-widget_type=\"image-box.default\">\n\t\t\t\t<div class=\"elementor-widget-container\">\n\t\t\t\t\t<div class=\"elementor-image-box-wrapper\"><div class=\"elementor-image-box-content\"><h3 class=\"elementor-image-box-title\">6. Responsabilit\u00e9<\/h3><p class=\"elementor-image-box-description\"><p>DIP ANNECY s\u2019efforce d\u2019assurer l\u2019exactitude des informations diffus\u00e9es sur le Site. Toutefois, des erreurs ou omissions peuvent survenir. L\u2019utilisateur est invit\u00e9 \u00e0 signaler toute erreur via l\u2019adresse : <a href=\"mailto:annecy@dip-honestfood.com\">annecy@dip-honestfood.com<\/a>.<\/p>\n<p>DIP ANNECY ne pourra \u00eatre tenu responsable en cas de dommages indirects li\u00e9s \u00e0 l\u2019utilisation du Site (perte de donn\u00e9es, virus, bugs, incompatibilit\u00e9, etc.).<\/p>\n<\/p><\/div><\/div>\t\t\t\t<\/div>\n\t\t\t\t<\/div>\n\t\t\t\t<div class=\"elementor-element elementor-element-6052e4d elementor-widget elementor-widget-spacer\" data-id=\"6052e4d\" data-element_type=\"widget\" data-e-type=\"widget\" data-widget_type=\"spacer.default\">\n\t\t\t\t<div class=\"elementor-widget-container\">\n\t\t\t\t\t\t\t<div class=\"elementor-spacer\">\n\t\t\t<div class=\"elementor-spacer-inner\"><\/div>\n\t\t<\/div>\n\t\t\t\t\t\t<\/div>\n\t\t\t\t<\/div>\n\t\t\t\t<div class=\"elementor-element elementor-element-bbb7fa6 elementor-widget__width-initial elementor-widget elementor-widget-image-box\" data-id=\"bbb7fa6\" data-element_type=\"widget\" data-e-type=\"widget\" data-widget_type=\"image-box.default\">\n\t\t\t\t<div class=\"elementor-widget-container\">\n\t\t\t\t\t<div class=\"elementor-image-box-wrapper\"><div class=\"elementor-image-box-content\"><h3 class=\"elementor-image-box-title\">7. Liens externes<\/h3><p class=\"elementor-image-box-description\"><p>Le Site peut contenir des liens vers des sites tiers (YouTube, Instagram, Google Maps, etc.). DIP ANNECY ne peut \u00eatre tenu responsable du contenu ou du bon fonctionnement de ces sites ext\u00e9rieurs.<\/p>\n<\/p><\/div><\/div>\t\t\t\t<\/div>\n\t\t\t\t<\/div>\n\t\t\t\t<div class=\"elementor-element elementor-element-895ac0a elementor-widget elementor-widget-spacer\" data-id=\"895ac0a\" data-element_type=\"widget\" data-e-type=\"widget\" data-widget_type=\"spacer.default\">\n\t\t\t\t<div class=\"elementor-widget-container\">\n\t\t\t\t\t\t\t<div class=\"elementor-spacer\">\n\t\t\t<div class=\"elementor-spacer-inner\"><\/div>\n\t\t<\/div>\n\t\t\t\t\t\t<\/div>\n\t\t\t\t<\/div>\n\t\t\t\t<div class=\"elementor-element elementor-element-f81d539 elementor-widget__width-initial elementor-widget elementor-widget-image-box\" data-id=\"f81d539\" data-element_type=\"widget\" data-e-type=\"widget\" data-widget_type=\"image-box.default\">\n\t\t\t\t<div class=\"elementor-widget-container\">\n\t\t\t\t\t<div class=\"elementor-image-box-wrapper\"><div class=\"elementor-image-box-content\"><h3 class=\"elementor-image-box-title\">8. Donn\u00e9es personnelles<\/h3><p class=\"elementor-image-box-description\"><p>Les donn\u00e9es collect\u00e9es via les formulaires du Site (contact, r\u00e9servation, commande) sont trait\u00e9es uniquement par DIP ANNECY pour la gestion des demandes. Elles ne sont jamais revendues.<\/p>\n<p>Elles sont conserv\u00e9es pendant une dur\u00e9e maximale de 3 ans. Conform\u00e9ment au RGPD, vous disposez d\u2019un droit d\u2019acc\u00e8s, de rectification et de suppression en \u00e9crivant \u00e0 : <a href=\"mailto:annecy@dip-honestfood.com\">annecy@dip-honestfood.com<\/a><\/p>\n<\/p><\/div><\/div>\t\t\t\t<\/div>\n\t\t\t\t<\/div>\n\t\t\t\t<div class=\"elementor-element elementor-element-d611294 elementor-widget elementor-widget-spacer\" data-id=\"d611294\" data-element_type=\"widget\" data-e-type=\"widget\" data-widget_type=\"spacer.default\">\n\t\t\t\t<div class=\"elementor-widget-container\">\n\t\t\t\t\t\t\t<div class=\"elementor-spacer\">\n\t\t\t<div class=\"elementor-spacer-inner\"><\/div>\n\t\t<\/div>\n\t\t\t\t\t\t<\/div>\n\t\t\t\t<\/div>\n\t\t\t\t<div class=\"elementor-element elementor-element-2682c01 elementor-widget__width-initial elementor-widget elementor-widget-image-box\" data-id=\"2682c01\" data-element_type=\"widget\" data-e-type=\"widget\" data-widget_type=\"image-box.default\">\n\t\t\t\t<div class=\"elementor-widget-container\">\n\t\t\t\t\t<div class=\"elementor-image-box-wrapper\"><div class=\"elementor-image-box-content\"><h3 class=\"elementor-image-box-title\">9. Cookies<\/h3><p class=\"elementor-image-box-description\"><p>Le Site utilise des cookies \u00e0 des fins de mesure d\u2019audience (Google Analytics) et d\u2019affichage de contenus tiers. L\u2019utilisateur peut modifier ou refuser le d\u00e9p\u00f4t de cookies via la banni\u00e8re de consentement conforme au RGPD.<\/p>\n<\/p><\/div><\/div>\t\t\t\t<\/div>\n\t\t\t\t<\/div>\n\t\t\t\t<div class=\"elementor-element elementor-element-086361f elementor-widget elementor-widget-spacer\" data-id=\"086361f\" data-element_type=\"widget\" data-e-type=\"widget\" data-widget_type=\"spacer.default\">\n\t\t\t\t<div class=\"elementor-widget-container\">\n\t\t\t\t\t\t\t<div class=\"elementor-spacer\">\n\t\t\t<div class=\"elementor-spacer-inner\"><\/div>\n\t\t<\/div>\n\t\t\t\t\t\t<\/div>\n\t\t\t\t<\/div>\n\t\t\t\t<div class=\"elementor-element elementor-element-b4e8a33 elementor-widget__width-initial elementor-widget elementor-widget-image-box\" data-id=\"b4e8a33\" data-element_type=\"widget\" data-e-type=\"widget\" data-widget_type=\"image-box.default\">\n\t\t\t\t<div class=\"elementor-widget-container\">\n\t\t\t\t\t<div class=\"elementor-image-box-wrapper\"><div class=\"elementor-image-box-content\"><h3 class=\"elementor-image-box-title\">10. Modification des CGU<\/h3><p class=\"elementor-image-box-description\"><p>DIP ANNECY se r\u00e9serve le droit de modifier les pr\u00e9sentes CGU \u00e0 tout moment. Les utilisateurs sont invit\u00e9s \u00e0 les consulter r\u00e9guli\u00e8rement.<\/p>\n<\/p><\/div><\/div>\t\t\t\t<\/div>\n\t\t\t\t<\/div>\n\t\t\t\t<div class=\"elementor-element elementor-element-ddb586c elementor-widget elementor-widget-spacer\" data-id=\"ddb586c\" data-element_type=\"widget\" data-e-type=\"widget\" data-widget_type=\"spacer.default\">\n\t\t\t\t<div class=\"elementor-widget-container\">\n\t\t\t\t\t\t\t<div class=\"elementor-spacer\">\n\t\t\t<div class=\"elementor-spacer-inner\"><\/div>\n\t\t<\/div>\n\t\t\t\t\t\t<\/div>\n\t\t\t\t<\/div>\n\t\t\t\t<div class=\"elementor-element elementor-element-a76d759 elementor-widget__width-initial elementor-widget elementor-widget-image-box\" data-id=\"a76d759\" data-element_type=\"widget\" data-e-type=\"widget\" data-widget_type=\"image-box.default\">\n\t\t\t\t<div class=\"elementor-widget-container\">\n\t\t\t\t\t<div class=\"elementor-image-box-wrapper\"><div class=\"elementor-image-box-content\"><h3 class=\"elementor-image-box-title\">11. Droit applicable<\/h3><p class=\"elementor-image-box-description\"><p>Les pr\u00e9sentes CGU sont soumises au droit fran\u00e7ais. En cas de litige, les tribunaux comp\u00e9tents seront ceux du ressort du si\u00e8ge de DIP ANNECY, sauf disposition contraire imp\u00e9rative.<\/p>\n<\/p><\/div><\/div>\t\t\t\t<\/div>\n\t\t\t\t<\/div>\n\t\t\t\t<div class=\"elementor-element elementor-element-149358d elementor-widget elementor-widget-spacer\" data-id=\"149358d\" data-element_type=\"widget\" data-e-type=\"widget\" data-widget_type=\"spacer.default\">\n\t\t\t\t<div class=\"elementor-widget-container\">\n\t\t\t\t\t\t\t<div class=\"elementor-spacer\">\n\t\t\t<div class=\"elementor-spacer-inner\"><\/div>\n\t\t<\/div>\n\t\t\t\t\t\t<\/div>\n\t\t\t\t<\/div>\n\t\t\t\t<\/div>\n\t\t\t\t<\/div>\n\t\t\t\t<\/div>\n\t\t\t\t\t<\/div>\n\t\t\t\t<\/div>\n\t\t<div class=\"elementor-element elementor-element-c91c427 e-flex e-con-boxed e-con e-parent\" data-id=\"c91c427\" data-element_type=\"container\" data-e-type=\"container\" data-settings=\"{&quot;_ha_eqh_enable&quot;:false}\">\n\t\t\t\t\t<div class=\"e-con-inner\">\n\t\t\t\t<div class=\"elementor-element elementor-element-ef62afa elementor-widget elementor-widget-spacer\" data-id=\"ef62afa\" data-element_type=\"widget\" data-e-type=\"widget\" data-widget_type=\"spacer.default\">\n\t\t\t\t<div class=\"elementor-widget-container\">\n\t\t\t\t\t\t\t<div class=\"elementor-spacer\">\n\t\t\t<div class=\"elementor-spacer-inner\"><\/div>\n\t\t<\/div>\n\t\t\t\t\t\t<\/div>\n\t\t\t\t<\/div>\n\t\t\t\t\t<\/div>\n\t\t\t\t<\/div>\n\t\t\t\t<\/div>","protected":false},"excerpt":{"rendered":"<p>CONDITION G\u00c9N\u00c9RALES D&rsquo;UTILISATION (CGU) Les pr\u00e9sentes Conditions G\u00e9n\u00e9rales d\u2019Utilisation (CGU) d\u00e9finissent les modalit\u00e9s d\u2019acc\u00e8s et d\u2019utilisation du site internet https:\/\/dip-honestfood.com (ci-apr\u00e8s le \u00ab\u00a0Site\u00a0\u00bb), \u00e9dit\u00e9 par la soci\u00e9t\u00e9 DIP ANNECY. En acc\u00e9dant au Site, tout utilisateur accepte pleinement et enti\u00e8rement les pr\u00e9sentes conditions. 1. \u00c9diteur du site Raison sociale : DIP ANNECY \u2013 Dip Honest Food [&hellip;]<\/p>\n","protected":false},"author":1,"featured_media":0,"parent":0,"menu_order":0,"comment_status":"closed","ping_status":"closed","template":"","meta":{"footnotes":""},"class_list":["post-1970","page","type-page","status-publish","hentry"],"blocksy_meta":[],"jetpack_sharing_enabled":true,"_links":{"self":[{"href":"https:\/\/dip-honestfood.com\/en\/wp-json\/wp\/v2\/pages\/1970","targetHints":{"allow":["GET"]}}],"collection":[{"href":"https:\/\/dip-honestfood.com\/en\/wp-json\/wp\/v2\/pages"}],"about":[{"href":"https:\/\/dip-honestfood.com\/en\/wp-json\/wp\/v2\/types\/page"}],"author":[{"embeddable":true,"href":"https:\/\/dip-honestfood.com\/en\/wp-json\/wp\/v2\/users\/1"}],"replies":[{"embeddable":true,"href":"https:\/\/dip-honestfood.com\/en\/wp-json\/wp\/v2\/comments?post=1970"}],"version-history":[{"count":4,"href":"https:\/\/dip-honestfood.com\/en\/wp-json\/wp\/v2\/pages\/1970\/revisions"}],"predecessor-version":[{"id":1979,"href":"https:\/\/dip-honestfood.com\/en\/wp-json\/wp\/v2\/pages\/1970\/revisions\/1979"}],"wp:attachment":[{"href":"https:\/\/dip-honestfood.com\/en\/wp-json\/wp\/v2\/media?parent=1970"}],"curies":[{"name":"wp","href":"https:\/\/api.w.org\/{rel}","templated":true}]}}